{"id":4,"date":"2018-10-29T19:55:31","date_gmt":"2018-10-29T18:55:31","guid":{"rendered":"https:\/\/dorfleben-roggenzell.de\/?page_id=4"},"modified":"2025-08-31T20:12:03","modified_gmt":"2025-08-31T19:12:03","slug":"ueber-uns","status":"publish","type":"page","link":"https:\/\/dorfleben-roggenzell.de\/?page_id=4","title":{"rendered":"\u00dcber uns"},"content":{"rendered":"\n<p>Im Jahr 2015 haben wir den Verein Dorf<em>Leben<\/em> Roggenzell e.V. gegr\u00fcndet. Wir wollen vor allem kulturelle aber auch informative Veranstaltungen ins Dorf bringen, immer jedoch vor dem Hintergrund, das Geld, das uns nach Abzug unserer Ausgaben \u00fcbrigbleibt, zu spenden. Also sprechen wir mit der K\u00fcnstlerin bzw. dem K\u00fcnstler oder der  bzw. dem Vortragenden ab, ob sie\/er uns ein Projekt vorschlagen m\u00f6chte, das wir unterst\u00fctzen k\u00f6nnten oder wir schlagen vor, welches Projekt wir uns ausgesucht haben.<\/p>\n\n\n\n<p>Im <a href=\"https:\/\/dorfleben-roggenzell.de\/?page_id=21\" data-type=\"page\" data-id=\"21\" target=\"_blank\" rel=\"noreferrer noopener\">R\u00fcckblick<\/a> k\u00f6nnen Sie sehen, welche Projekte wir mit welcher Veranstaltung mit wie viel Spendengeld unterst\u00fctzt haben.<\/p>\n\n\n\n<p>Bis jetzt haben wir insgesamt <strong><mark style=\"background-color:#c53187\" class=\"has-inline-color has-white-color\">61.590,96 \u20ac<\/mark><\/strong> gespendet. Dieses Geld ist jeweils ganz unkompliziert an die entsprechenden Projekte \u00fcberwiesen worden.<\/p>\n\n\n\n<div class=\"wp-block-media-text alignwide is-stacked-on-mobile\" style=\"grid-template-columns:62% auto\"><figure class=\"wp-block-media-text__media\"><img loading=\"lazy\" decoding=\"async\" width=\"1024\" height=\"768\" src=\"https:\/\/dorfleben-roggenzell.de\/wp-content\/uploads\/2023\/12\/Foto-Unterlercher-2023-Dorfleben-Mitglieder-1024x768.jpeg\" alt=\"\" class=\"wp-image-800 size-full\" srcset=\"https:\/\/dorfleben-roggenzell.de\/wp-content\/uploads\/2023\/12\/Foto-Unterlercher-2023-Dorfleben-Mitglieder-1024x768.jpeg 1024w, https:\/\/dorfleben-roggenzell.de\/wp-content\/uploads\/2023\/12\/Foto-Unterlercher-2023-Dorfleben-Mitglieder-300x225.jpeg 300w, https:\/\/dorfleben-roggenzell.de\/wp-content\/uploads\/2023\/12\/Foto-Unterlercher-2023-Dorfleben-Mitglieder-768x576.jpeg 768w, https:\/\/dorfleben-roggenzell.de\/wp-content\/uploads\/2023\/12\/Foto-Unterlercher-2023-Dorfleben-Mitglieder-1536x1152.jpeg 1536w, https:\/\/dorfleben-roggenzell.de\/wp-content\/uploads\/2023\/12\/Foto-Unterlercher-2023-Dorfleben-Mitglieder-1200x900.jpeg 1200w, https:\/\/dorfleben-roggenzell.de\/wp-content\/uploads\/2023\/12\/Foto-Unterlercher-2023-Dorfleben-Mitglieder.jpeg 2048w\" sizes=\"auto, (max-width: 709px) 85vw, (max-width: 909px) 67vw, (max-width: 1362px) 62vw, 840px\" \/><\/figure><div class=\"wp-block-media-text__content\">\n<p>2023 &#8211; Katrin Unterlercher und Dorf<em>Leben<\/em>-Mitglieder <br>Tanja S., Claudia R., Klara S., Gertrud S., Anne H., Edith R., Petra M., Anja K., Gitte W. und Herta S.<\/p>\n<\/div><\/div>\n\n\n\n<div class=\"wp-block-media-text alignwide is-stacked-on-mobile\" style=\"grid-template-columns:62% auto\"><figure class=\"wp-block-media-text__media\"><img loading=\"lazy\" decoding=\"async\" width=\"1024\" height=\"768\" src=\"https:\/\/dorfleben-roggenzell.de\/wp-content\/uploads\/2023\/12\/Foto-2023-KuenstlerDorfleben-Mitglieder-1024x768.jpeg\" alt=\"\" class=\"wp-image-795 size-full\" srcset=\"https:\/\/dorfleben-roggenzell.de\/wp-content\/uploads\/2023\/12\/Foto-2023-KuenstlerDorfleben-Mitglieder-1024x768.jpeg 1024w, https:\/\/dorfleben-roggenzell.de\/wp-content\/uploads\/2023\/12\/Foto-2023-KuenstlerDorfleben-Mitglieder-300x225.jpeg 300w, https:\/\/dorfleben-roggenzell.de\/wp-content\/uploads\/2023\/12\/Foto-2023-KuenstlerDorfleben-Mitglieder-768x576.jpeg 768w, https:\/\/dorfleben-roggenzell.de\/wp-content\/uploads\/2023\/12\/Foto-2023-KuenstlerDorfleben-Mitglieder-1536x1152.jpeg 1536w, https:\/\/dorfleben-roggenzell.de\/wp-content\/uploads\/2023\/12\/Foto-2023-KuenstlerDorfleben-Mitglieder-1200x900.jpeg 1200w, https:\/\/dorfleben-roggenzell.de\/wp-content\/uploads\/2023\/12\/Foto-2023-KuenstlerDorfleben-Mitglieder.jpeg 2048w\" sizes=\"auto, (max-width: 709px) 85vw, (max-width: 909px) 67vw, (max-width: 1362px) 62vw, 840px\" \/><\/figure><div class=\"wp-block-media-text__content\">\n<p>2023 &#8211; Katrin und Werner Unterlercher mit<br>Charly Rabanser und <br>Dorf<em>Leben-<\/em>Mitglieder<br>Edith R., Tanja S., Gertrud S. und Anne H.<\/p>\n<\/div><\/div>\n\n\n\n<div class=\"wp-block-media-text alignwide is-stacked-on-mobile\" style=\"grid-template-columns:62% auto\"><figure class=\"wp-block-media-text__media\"><img loading=\"lazy\" decoding=\"async\" width=\"1024\" height=\"695\" src=\"https:\/\/dorfleben-roggenzell.de\/wp-content\/uploads\/2022\/09\/Dorfleben-Maxi-1-1024x695.jpg\" alt=\"\" class=\"wp-image-383 size-full\" srcset=\"https:\/\/dorfleben-roggenzell.de\/wp-content\/uploads\/2022\/09\/Dorfleben-Maxi-1-1024x695.jpg 1024w, https:\/\/dorfleben-roggenzell.de\/wp-content\/uploads\/2022\/09\/Dorfleben-Maxi-1-300x204.jpg 300w, https:\/\/dorfleben-roggenzell.de\/wp-content\/uploads\/2022\/09\/Dorfleben-Maxi-1-768x521.jpg 768w, https:\/\/dorfleben-roggenzell.de\/wp-content\/uploads\/2022\/09\/Dorfleben-Maxi-1-1536x1042.jpg 1536w, https:\/\/dorfleben-roggenzell.de\/wp-content\/uploads\/2022\/09\/Dorfleben-Maxi-1-2048x1389.jpg 2048w, https:\/\/dorfleben-roggenzell.de\/wp-content\/uploads\/2022\/09\/Dorfleben-Maxi-1-1200x814.jpg 1200w\" sizes=\"auto, (max-width: 709px) 85vw, (max-width: 909px) 67vw, (max-width: 1362px) 62vw, 840px\" \/><\/figure><div class=\"wp-block-media-text__content\">\n<p>2022 &#8211; Maxi Schafroth, Markus Schalk <br>und fast alle Dorf<em>Leben<\/em>-Mitglieder: Anne H., Sabine P., Tanja S., Herta S., Petra M., Manuela H., Gertrud S., Klara S., Anna H., Anja K., Gitte W., Claudia R., Bettina K., Edith R.<\/p>\n<\/div><\/div>\n\n\n\n<div class=\"wp-block-media-text alignwide is-stacked-on-mobile\" style=\"grid-template-columns:62% auto\"><figure class=\"wp-block-media-text__media\"><img loading=\"lazy\" decoding=\"async\" width=\"300\" height=\"200\" src=\"https:\/\/dorfleben-roggenzell.de\/wp-content\/uploads\/2023\/12\/Dorfleben-300x200-1.jpg\" alt=\"\" class=\"wp-image-804 size-full\"\/><\/figure><div class=\"wp-block-media-text__content\">\n<p>2016 &#8211; <br>fast alle Dorf<em>Leben<\/em>-Mitglieder: <br>Sabine P., Manuela H., Edith R., Claudia R., Gertrud S., Klara S., Tanja S., Bettina K., Anna H., Anne H., Herta S., Petra M., Anja K.<\/p>\n<\/div><\/div>\n\n\n\n<p><\/p>\n\n\n\n<p><\/p>\n\n\n\n<p><\/p>\n\n\n","protected":false},"excerpt":{"rendered":"<p>Im Jahr 2015 haben wir den Verein DorfLeben Roggenzell e.V. gegr\u00fcndet. Wir wollen vor allem kulturelle aber auch informative Veranstaltungen ins Dorf bringen, immer jedoch vor dem Hintergrund, das Geld, das uns nach Abzug unserer Ausgaben \u00fcbrigbleibt, zu spenden. Also sprechen wir mit der K\u00fcnstlerin bzw. dem K\u00fcnstler oder der bzw. dem Vortragenden ab, ob &hellip; <a href=\"https:\/\/dorfleben-roggenzell.de\/?page_id=4\" class=\"more-link\"><span class=\"screen-reader-text\">\u201e\u00dcber uns\u201c<\/span> weiterlesen<\/a><\/p>\n","protected":false},"author":1,"featured_media":0,"parent":0,"menu_order":0,"comment_status":"closed","ping_status":"closed","template":"","meta":{"footnotes":""},"class_list":["post-4","page","type-page","status-publish","hentry"],"_links":{"self":[{"href":"https:\/\/dorfleben-roggenzell.de\/index.php?rest_route=\/wp\/v2\/pages\/4","targetHints":{"allow":["GET"]}}],"collection":[{"href":"https:\/\/dorfleben-roggenzell.de\/index.php?rest_route=\/wp\/v2\/pages"}],"about":[{"href":"https:\/\/dorfleben-roggenzell.de\/index.php?rest_route=\/wp\/v2\/types\/page"}],"author":[{"embeddable":true,"href":"https:\/\/dorfleben-roggenzell.de\/index.php?rest_route=\/wp\/v2\/users\/1"}],"replies":[{"embeddable":true,"href":"https:\/\/dorfleben-roggenzell.de\/index.php?rest_route=%2Fwp%2Fv2%2Fcomments&post=4"}],"version-history":[{"count":71,"href":"https:\/\/dorfleben-roggenzell.de\/index.php?rest_route=\/wp\/v2\/pages\/4\/revisions"}],"predecessor-version":[{"id":1147,"href":"https:\/\/dorfleben-roggenzell.de\/index.php?rest_route=\/wp\/v2\/pages\/4\/revisions\/1147"}],"wp:attachment":[{"href":"https:\/\/dorfleben-roggenzell.de\/index.php?rest_route=%2Fwp%2Fv2%2Fmedia&parent=4"}],"curies":[{"name":"wp","href":"https:\/\/api.w.org\/{rel}","templated":true}]}}