{"id":223,"date":"2022-04-26T18:36:13","date_gmt":"2022-04-26T17:36:13","guid":{"rendered":"https:\/\/dorfleben-roggenzell.de\/?page_id=223"},"modified":"2026-04-14T22:08:55","modified_gmt":"2026-04-14T21:08:55","slug":"startseite","status":"publish","type":"page","link":"https:\/\/dorfleben-roggenzell.de\/","title":{"rendered":"Startseite"},"content":{"rendered":"\n<h2 class=\"wp-block-heading\">Kultur leben &#8211;  Dorf<em>Leben<\/em><\/h2>\n\n\n\n<p class=\"has-medium-font-size\">Veranstaltungen und mehr f\u00fcrs Dorfleben<\/p>\n\n\n\n<h3 class=\"wp-block-heading\">Termine:<\/h3>\n\n\n\n<p>Wow, welch ein Auftritt! Unsere G\u00e4ste konnten herzhaft lachen und dankten mit Applaus und bester Laune. Dankesch\u00f6n f\u00fcr Ihr Kommen. <\/p>\n\n\n\n<figure class=\"wp-block-image size-full\"><img loading=\"lazy\" decoding=\"async\" width=\"568\" height=\"745\" src=\"https:\/\/dorfleben-roggenzell.de\/wp-content\/uploads\/2025\/11\/Plakat-Binser-fuer-Internetseite.png\" alt=\"\" class=\"wp-image-1173\" srcset=\"https:\/\/dorfleben-roggenzell.de\/wp-content\/uploads\/2025\/11\/Plakat-Binser-fuer-Internetseite.png 568w, https:\/\/dorfleben-roggenzell.de\/wp-content\/uploads\/2025\/11\/Plakat-Binser-fuer-Internetseite-229x300.png 229w\" sizes=\"auto, (max-width: 568px) 85vw, 568px\" \/><\/figure>\n\n\n\n<p><strong>Das neue B\u00fchnenprogramm ab 2026<\/strong><\/p>\n\n\n\n<p>Schwarzer Hut, rote Schuhe und voller Einsatz f\u00fcr das Publikum.<\/p>\n\n\n\n<p><\/p>\n\n\n\n<h3 class=\"wp-block-heading\">Vorschau:<\/h3>\n\n\n\n<p><\/p>\n\n\n\n<h3 class=\"wp-block-heading\">R\u00fcckblick:<\/h3>\n\n\n\n<p>Was ist bei uns schon gelaufen? <a href=\"https:\/\/dorfleben-roggenzell.de\/?page_id=21\" target=\"_blank\" rel=\"noreferrer noopener\">Hier geht&#8217;s zum R\u00fcckblick<\/a><\/p>\n\n\n\n<p><\/p>\n","protected":false},"excerpt":{"rendered":"<p>Kultur leben &#8211; DorfLeben Veranstaltungen und mehr f\u00fcrs Dorfleben Termine: Wow, welch ein Auftritt! Unsere G\u00e4ste konnten herzhaft lachen und dankten mit Applaus und bester Laune. Dankesch\u00f6n f\u00fcr Ihr Kommen. Das neue B\u00fchnenprogramm ab 2026 Schwarzer Hut, rote Schuhe und voller Einsatz f\u00fcr das Publikum. Vorschau: R\u00fcckblick: Was ist bei uns schon gelaufen? Hier geht&#8217;s &hellip; <a href=\"https:\/\/dorfleben-roggenzell.de\/\" class=\"more-link\"><span class=\"screen-reader-text\">\u201eStartseite\u201c<\/span> weiterlesen<\/a><\/p>\n","protected":false},"author":1,"featured_media":0,"parent":0,"menu_order":0,"comment_status":"closed","ping_status":"closed","template":"","meta":{"footnotes":""},"class_list":["post-223","page","type-page","status-publish","hentry"],"_links":{"self":[{"href":"https:\/\/dorfleben-roggenzell.de\/index.php?rest_route=\/wp\/v2\/pages\/223","targetHints":{"allow":["GET"]}}],"collection":[{"href":"https:\/\/dorfleben-roggenzell.de\/index.php?rest_route=\/wp\/v2\/pages"}],"about":[{"href":"https:\/\/dorfleben-roggenzell.de\/index.php?rest_route=\/wp\/v2\/types\/page"}],"author":[{"embeddable":true,"href":"https:\/\/dorfleben-roggenzell.de\/index.php?rest_route=\/wp\/v2\/users\/1"}],"replies":[{"embeddable":true,"href":"https:\/\/dorfleben-roggenzell.de\/index.php?rest_route=%2Fwp%2Fv2%2Fcomments&post=223"}],"version-history":[{"count":194,"href":"https:\/\/dorfleben-roggenzell.de\/index.php?rest_route=\/wp\/v2\/pages\/223\/revisions"}],"predecessor-version":[{"id":1179,"href":"https:\/\/dorfleben-roggenzell.de\/index.php?rest_route=\/wp\/v2\/pages\/223\/revisions\/1179"}],"wp:attachment":[{"href":"https:\/\/dorfleben-roggenzell.de\/index.php?rest_route=%2Fwp%2Fv2%2Fmedia&parent=223"}],"curies":[{"name":"wp","href":"https:\/\/api.w.org\/{rel}","templated":true}]}}